{"id":9,"date":"2021-02-26T00:56:21","date_gmt":"2021-02-25T23:56:21","guid":{"rendered":"https:\/\/herc-id.pl\/?page_id=9"},"modified":"2021-04-30T12:33:22","modified_gmt":"2021-04-30T10:33:22","slug":"o-mnie","status":"publish","type":"page","link":"https:\/\/herc-id.pl\/index.php\/o-mnie\/","title":{"rendered":"O MNIE"},"content":{"rendered":"\t\t<div data-elementor-type=\"wp-page\" data-elementor-id=\"9\" class=\"elementor elementor-9\">\n\t\t\t\t\t\t<section class=\"elementor-section elementor-top-section elementor-element elementor-element-48affba elementor-section-full_width elementor-section-height-default elementor-section-height-default\" data-id=\"48affba\" data-element_type=\"section\" data-e-type=\"section\">\n\t\t\t\t\t\t<div class=\"elementor-container elementor-column-gap-default\">\n\t\t\t\t\t<div class=\"elementor-column elementor-col-100 elementor-top-column elementor-element elementor-element-8b057c0\" data-id=\"8b057c0\" data-element_type=\"column\" data-e-type=\"column\">\n\t\t\t<div class=\"elementor-widget-wrap elementor-element-populated\">\n\t\t\t\t\t\t<div class=\"elementor-element elementor-element-483b9bd elementor-widget-divider--view-line elementor-widget elementor-widget-divider\" data-id=\"483b9bd\" data-element_type=\"widget\" data-e-type=\"widget\" data-widget_type=\"divider.default\">\n\t\t\t\t<div class=\"elementor-widget-container\">\n\t\t\t\t\t\t\t<div class=\"elementor-divider\">\n\t\t\t<span class=\"elementor-divider-separator\">\n\t\t\t\t\t\t<\/span>\n\t\t<\/div>\n\t\t\t\t\t\t<\/div>\n\t\t\t\t<\/div>\n\t\t\t\t<div class=\"elementor-element elementor-element-304841d elementor-widget elementor-widget-heading\" data-id=\"304841d\" data-element_type=\"widget\" data-e-type=\"widget\" data-widget_type=\"heading.default\">\n\t\t\t\t<div class=\"elementor-widget-container\">\n\t\t\t\t\t<h2 class=\"elementor-heading-title elementor-size-default\">O MNIE<\/h2>\t\t\t\t<\/div>\n\t\t\t\t<\/div>\n\t\t\t\t<section class=\"elementor-section elementor-inner-section elementor-element elementor-element-cc36825 elementor-section-boxed elementor-section-height-default elementor-section-height-default\" data-id=\"cc36825\" data-element_type=\"section\" data-e-type=\"section\">\n\t\t\t\t\t\t<div class=\"elementor-container elementor-column-gap-no\">\n\t\t\t\t\t<div class=\"elementor-column elementor-col-33 elementor-inner-column elementor-element elementor-element-7c93d09\" data-id=\"7c93d09\" data-element_type=\"column\" data-e-type=\"column\">\n\t\t\t<div class=\"elementor-widget-wrap elementor-element-populated\">\n\t\t\t\t\t\t<div class=\"elementor-element elementor-element-d092757 animated-slow elementor-widget elementor-widget-image\" data-id=\"d092757\" data-element_type=\"widget\" data-e-type=\"widget\" data-settings=\"{&quot;_animation&quot;:&quot;none&quot;}\" data-widget_type=\"image.default\">\n\t\t\t\t<div class=\"elementor-widget-container\">\n\t\t\t\t\t\t\t\t\t\t\t\t\t\t\t<img fetchpriority=\"high\" decoding=\"async\" width=\"1028\" height=\"2000\" src=\"https:\/\/herc-id.pl\/wp-content\/uploads\/2021\/04\/Herc_and_co_wnetrze_2.jpg\" class=\"attachment-full size-full wp-image-370\" alt=\"\" srcset=\"https:\/\/herc-id.pl\/wp-content\/uploads\/2021\/04\/Herc_and_co_wnetrze_2.jpg 1028w, https:\/\/herc-id.pl\/wp-content\/uploads\/2021\/04\/Herc_and_co_wnetrze_2-154x300.jpg 154w, https:\/\/herc-id.pl\/wp-content\/uploads\/2021\/04\/Herc_and_co_wnetrze_2-526x1024.jpg 526w, https:\/\/herc-id.pl\/wp-content\/uploads\/2021\/04\/Herc_and_co_wnetrze_2-768x1494.jpg 768w, https:\/\/herc-id.pl\/wp-content\/uploads\/2021\/04\/Herc_and_co_wnetrze_2-790x1536.jpg 790w, https:\/\/herc-id.pl\/wp-content\/uploads\/2021\/04\/Herc_and_co_wnetrze_2-650x1265.jpg 650w, https:\/\/herc-id.pl\/wp-content\/uploads\/2021\/04\/Herc_and_co_wnetrze_2-1000x1946.jpg 1000w\" sizes=\"(max-width: 1028px) 100vw, 1028px\" \/>\t\t\t\t\t\t\t\t\t\t\t\t\t\t\t<\/div>\n\t\t\t\t<\/div>\n\t\t\t\t\t<\/div>\n\t\t<\/div>\n\t\t\t\t<div class=\"elementor-column elementor-col-66 elementor-inner-column elementor-element elementor-element-90e4a36\" data-id=\"90e4a36\" data-element_type=\"column\" data-e-type=\"column\">\n\t\t\t<div class=\"elementor-widget-wrap elementor-element-populated\">\n\t\t\t\t\t\t<div class=\"elementor-element elementor-element-f340eaa elementor-widget elementor-widget-text-editor\" data-id=\"f340eaa\" data-element_type=\"widget\" data-e-type=\"widget\" data-widget_type=\"text-editor.default\">\n\t\t\t\t<div class=\"elementor-widget-container\">\n\t\t\t\t\t\t\t\t\t<p>Nazywam si\u0119 Agnieszka Bogucka.<\/p><p>Jestem absolwentk\u0105 Wydzia\u0142u Architektury Wn\u0119trz\u00a0 warszawskiej Akademii Sztuk Pi\u0119knych (ASP). Studiowa\u0142am \u00a0r\u00f3wnie\u017c Design d\u2019Espace Urbain w Ecole Nationale des Beaux- Arts, w Lyonie we Francji.<\/p><p>W oparciu o potrzeby klienta tworz\u0119 indywidualne <br \/>projekty wn\u0119trz.<\/p><p>Staram si\u0119 projektowa\u0107 w spos\u00f3b uniwersalny <br \/>i ponadczasowy, opieraj\u0105c si\u0119 \u015blepemu pod\u0105\u017caniu za mod\u0105 <br \/>i trendami. \u00a0<\/p><p>Punktem wyj\u015bcia ka\u017cdego projektu jest odpowiednie zaprojektowanie przestrzeni wn\u0119trza. Tworzy si\u0119 ono z potrzeb za\u0142o\u017conej w projekcie liczby os\u00f3b oraz charakterystyki miejsca i jego przeznaczenia. Dalej ubieram t\u0105 przestrze\u0144 w form\u0119 wynikaj\u0105c\u0105 z funkcji i potrzeb inwestora. Zak\u0142adam, \u017ce ta forma ma by\u0107 unikatowa, tak jak i niepowtarzalne s\u0105 osoby zg\u0142aszaj\u0105ce si\u0119 ze swoj\u0105 przestrzeni\u0105 do zaprojektowania.<\/p><p>Dobre wn\u0119trze to sk\u0142adowa wielu r\u00f3\u017cnorodnych, ale starannie dobranych element\u00f3w. W\u015br\u00f3d nich najwi\u0119ksze znaczenie maj\u0105 kolor oraz zr\u00f3\u017cnicowane faktury. \u00a0S\u0105 to aspekty nierozerwalne z moim projektowaniem. \u00a0\u00a0<\/p><p>Staram si\u0119 w spos\u00f3b szczeg\u00f3lny opracowywa\u0107 wszelkie detale podkre\u015blaj\u0105ce \u00a0oryginalny charakter wn\u0119trz. Podchodz\u0119 z dba\u0142o\u015bci\u0105 do doboru materia\u0142\u00f3w wyko\u0144czeniowych np. pod\u0142\u00f3g, coko\u0142\u00f3w, boazerii, drzwi, tapet, oku\u0107, uchwyt\u00f3w, dywan\u00f3w, zas\u0142on, lamp i innych detali dekoruj\u0105cych, aby razem z wn\u0119trzem tworzy\u0142y sp\u00f3jn\u0105 ca\u0142o\u015b\u0107.<\/p><p>Inspiruj\u0105c si\u0119 tradycyjnymi technikami staram si\u0119 u\u017cywa\u0107 g\u0142\u00f3wnie naturalnych materia\u0142\u00f3w, dbaj\u0105c o detale i jako\u015b\u0107 wyko\u0144czenia, a tak\u017ce charakter wn\u0119trza dopasowany do otoczenia.<\/p><p>Wreszcie lubi\u0119 zaskakiwa\u0107 nadaj\u0105c ducha przestrzeni, wprowadzaj\u0105c nieoczekiwane akcenty oraz \u0142\u0105cz\u0105c stare z nowym.<\/p><p>Zapraszam Pa\u0144stwa do kontaktu s\u0142u\u017c\u0105c swoj\u0105 wiedz\u0105, a przede wszystkim wyobra\u017ani\u0105<\/p><p>Agnieszka Bogucka<\/p>\t\t\t\t\t\t\t\t<\/div>\n\t\t\t\t<\/div>\n\t\t\t\t\t<\/div>\n\t\t<\/div>\n\t\t\t\t\t<\/div>\n\t\t<\/section>\n\t\t\t\t<section class=\"elementor-section elementor-inner-section elementor-element elementor-element-6904975 elementor-section-full_width elementor-section-height-default elementor-section-height-default\" data-id=\"6904975\" data-element_type=\"section\" data-e-type=\"section\" data-settings=\"{&quot;background_background&quot;:&quot;classic&quot;}\">\n\t\t\t\t\t\t<div class=\"elementor-container elementor-column-gap-default\">\n\t\t\t\t\t\t<\/div>\n\t\t<\/section>\n\t\t\t\t\t<\/div>\n\t\t<\/div>\n\t\t\t\t\t<\/div>\n\t\t<\/section>\n\t\t\t\t<\/div>\n\t\t","protected":false},"excerpt":{"rendered":"<p>O MNIE Nazywam si\u0119 Agnieszka Bogucka. Jestem absolwentk\u0105 Wydzia\u0142u Architektury &hellip;<\/p>\n","protected":false},"author":1,"featured_media":0,"parent":0,"menu_order":3,"comment_status":"closed","ping_status":"closed","template":"","meta":{"footnotes":""},"class_list":["post-9","page","type-page","status-publish","hentry"],"_links":{"self":[{"href":"https:\/\/herc-id.pl\/index.php\/wp-json\/wp\/v2\/pages\/9","targetHints":{"allow":["GET"]}}],"collection":[{"href":"https:\/\/herc-id.pl\/index.php\/wp-json\/wp\/v2\/pages"}],"about":[{"href":"https:\/\/herc-id.pl\/index.php\/wp-json\/wp\/v2\/types\/page"}],"author":[{"embeddable":true,"href":"https:\/\/herc-id.pl\/index.php\/wp-json\/wp\/v2\/users\/1"}],"replies":[{"embeddable":true,"href":"https:\/\/herc-id.pl\/index.php\/wp-json\/wp\/v2\/comments?post=9"}],"version-history":[{"count":53,"href":"https:\/\/herc-id.pl\/index.php\/wp-json\/wp\/v2\/pages\/9\/revisions"}],"predecessor-version":[{"id":373,"href":"https:\/\/herc-id.pl\/index.php\/wp-json\/wp\/v2\/pages\/9\/revisions\/373"}],"wp:attachment":[{"href":"https:\/\/herc-id.pl\/index.php\/wp-json\/wp\/v2\/media?parent=9"}],"curies":[{"name":"wp","href":"https:\/\/api.w.org\/{rel}","templated":true}]}}